{"id":30,"date":"2023-07-23T03:53:48","date_gmt":"2023-07-23T03:53:48","guid":{"rendered":"https:\/\/hhelena.hostingcti.com\/confirmacion-de-reserva\/transaccion-fallida\/"},"modified":"2023-07-23T03:53:48","modified_gmt":"2023-07-23T03:53:48","slug":"transaccion-fallida","status":"publish","type":"page","link":"https:\/\/hhelena.hostingcti.com\/en\/confirmacion-de-reserva\/transaccion-fallida\/","title":{"rendered":"Transacci\u00f3n fallida"},"content":{"rendered":"<p>Desafortunadamente, tu transacci\u00f3n no puede completarse en este momento. Por favor, int\u00e9ntalo de nuevo o ponte en contacto con nosotros.<\/p>","protected":false},"excerpt":{"rendered":"<p>Desafortunadamente, tu transacci\u00f3n no puede completarse en este momento. Por favor, int\u00e9ntalo de nuevo o ponte en contacto con nosotros.<\/p>","protected":false},"author":1,"featured_media":0,"parent":26,"menu_order":0,"comment_status":"closed","ping_status":"closed","template":"","meta":{"footnotes":""},"class_list":["post-30","page","type-page","status-publish","hentry"],"blocksy_meta":"","_links":{"self":[{"href":"https:\/\/hhelena.hostingcti.com\/en\/wp-json\/wp\/v2\/pages\/30","targetHints":{"allow":["GET"]}}],"collection":[{"href":"https:\/\/hhelena.hostingcti.com\/en\/wp-json\/wp\/v2\/pages"}],"about":[{"href":"https:\/\/hhelena.hostingcti.com\/en\/wp-json\/wp\/v2\/types\/page"}],"author":[{"embeddable":true,"href":"https:\/\/hhelena.hostingcti.com\/en\/wp-json\/wp\/v2\/users\/1"}],"replies":[{"embeddable":true,"href":"https:\/\/hhelena.hostingcti.com\/en\/wp-json\/wp\/v2\/comments?post=30"}],"version-history":[{"count":0,"href":"https:\/\/hhelena.hostingcti.com\/en\/wp-json\/wp\/v2\/pages\/30\/revisions"}],"up":[{"embeddable":true,"href":"https:\/\/hhelena.hostingcti.com\/en\/wp-json\/wp\/v2\/pages\/26"}],"wp:attachment":[{"href":"https:\/\/hhelena.hostingcti.com\/en\/wp-json\/wp\/v2\/media?parent=30"}],"curies":[{"name":"wp","href":"https:\/\/api.w.org\/{rel}","templated":true}]}}